{"id":1085,"date":"2022-09-12T10:11:20","date_gmt":"2022-09-12T10:11:20","guid":{"rendered":"https:\/\/jornadas.smandaluz.com\/?page_id=1085"},"modified":"2022-09-29T07:59:09","modified_gmt":"2022-09-29T07:59:09","slug":"vocalias-funcionales","status":"publish","type":"page","link":"https:\/\/jornadas.smandaluz.com\/?page_id=1085","title":{"rendered":"Vocal\u00edas funcionales"},"content":{"rendered":"\t\t<div data-elementor-type=\"wp-page\" data-elementor-id=\"1085\" class=\"elementor elementor-1085\">\n\t\t\t\t\t\t\t\t\t<section class=\"elementor-section elementor-top-section elementor-element elementor-element-1b205599 elementor-section-height-full elementor-section-content-space-around elementor-section-stretched elementor-section-boxed elementor-section-height-default elementor-section-items-middle\" data-id=\"1b205599\" data-element_type=\"section\" data-settings=\"{&quot;background_background&quot;:&quot;classic&quot;,&quot;stretch_section&quot;:&quot;section-stretched&quot;}\">\n\t\t\t\t\t\t<div class=\"elementor-container elementor-column-gap-default\">\n\t\t\t\t\t<div class=\"elementor-column elementor-col-100 elementor-top-column elementor-element elementor-element-1182cb7c\" data-id=\"1182cb7c\" data-element_type=\"column\">\n\t\t\t<div class=\"elementor-widget-wrap elementor-element-populated\">\n\t\t\t\t\t\t\t\t<div class=\"elementor-element elementor-element-4f358b4 elementor-widget elementor-widget-accordion\" data-id=\"4f358b4\" data-element_type=\"widget\" data-widget_type=\"accordion.default\">\n\t\t\t\t<div class=\"elementor-widget-container\">\n\t\t\t<style>\/*! elementor - v3.6.4 - 13-04-2022 *\/\n.elementor-accordion{text-align:left}.elementor-accordion .elementor-accordion-item{border:1px solid #d4d4d4}.elementor-accordion .elementor-accordion-item+.elementor-accordion-item{border-top:none}.elementor-accordion .elementor-tab-title{margin:0;padding:15px 20px;font-weight:700;line-height:1;cursor:pointer;outline:none}.elementor-accordion .elementor-tab-title .elementor-accordion-icon{display:inline-block;width:1.5em}.elementor-accordion .elementor-tab-title .elementor-accordion-icon svg{width:1em;height:1em}.elementor-accordion .elementor-tab-title .elementor-accordion-icon.elementor-accordion-icon-right{float:right;text-align:right}.elementor-accordion .elementor-tab-title .elementor-accordion-icon.elementor-accordion-icon-left{float:left;text-align:left}.elementor-accordion .elementor-tab-title .elementor-accordion-icon .elementor-accordion-icon-closed{display:block}.elementor-accordion .elementor-tab-title .elementor-accordion-icon .elementor-accordion-icon-opened,.elementor-accordion .elementor-tab-title.elementor-active .elementor-accordion-icon-closed{display:none}.elementor-accordion .elementor-tab-title.elementor-active .elementor-accordion-icon-opened{display:block}.elementor-accordion .elementor-tab-content{display:none;padding:15px 20px;border-top:1px solid #d4d4d4}@media (max-width:767px){.elementor-accordion .elementor-tab-title{padding:12px 15px}.elementor-accordion .elementor-tab-title .elementor-accordion-icon{width:1.2em}.elementor-accordion .elementor-tab-content{padding:7px 15px}}<\/style>\t\t<div class=\"elementor-accordion\" role=\"tablist\">\n\t\t\t\t\t\t\t<div class=\"elementor-accordion-item\">\n\t\t\t\t\t<div id=\"elementor-tab-title-8301\" class=\"elementor-tab-title\" data-tab=\"1\" role=\"tab\" aria-controls=\"elementor-tab-content-8301\" aria-expanded=\"false\">\n\t\t\t\t\t\t\t\t\t\t\t\t\t<span class=\"elementor-accordion-icon elementor-accordion-icon-left\" aria-hidden=\"true\">\n\t\t\t\t\t\t\t\t\t\t\t\t\t\t\t<span class=\"elementor-accordion-icon-closed\"><i class=\"fas fa-plus\"><\/i><\/span>\n\t\t\t\t\t\t\t\t<span class=\"elementor-accordion-icon-opened\"><i class=\"fas fa-minus\"><\/i><\/span>\n\t\t\t\t\t\t\t\t\t\t\t\t\t\t<\/span>\n\t\t\t\t\t\t\t\t\t\t\t\t<a class=\"elementor-accordion-title\" href=\"\">Carmen Serrano. Vocal\u00eda PRL<\/a>\n\t\t\t\t\t<\/div>\n\t\t\t\t\t<div id=\"elementor-tab-content-8301\" class=\"elementor-tab-content elementor-clearfix\" data-tab=\"1\" role=\"tabpanel\" aria-labelledby=\"elementor-tab-title-8301\"><p>Nuestra organizaci\u00f3n siempre ha mostrado una especial sensibilidad con los temas&nbsp;<span style=\"font-size: 13px;\">relacionados con la salud laboral.<\/span><\/p><p><span style=\"font-size: 13px;\">Desde la publicaci\u00f3n de la Ley de PRL hasta la actualidad, el trabajo y esfuerzo de los delegados&nbsp;<\/span><span style=\"font-size: 13px;\">sindicales, a los que env\u00edo un reconocimiento, ha influido de manera fundamental en el&nbsp;<\/span><span style=\"font-size: 13px;\">modelo del que disponemos actualmente, que si bien no es perfecto, tiene aspectos que&nbsp;<\/span><span style=\"font-size: 13px;\">manejados adecuadamente nos permiten contactar con nuestros compa\u00f1eros.&nbsp;<\/span><\/p><p>En nuestro \u00e1mbito, SAS, al igual que en otros de la administraci\u00f3n p\u00fablica, el desarrollo de los&nbsp;<span style=\"font-size: 13px;\">aspectos ligados a la protecci\u00f3n de los trabajadores en relaci\u00f3n a los riesgos que supone el&nbsp;<\/span><span style=\"font-size: 13px;\">trabajo para su salud y seguridad laboral, est\u00e1 normativizado de forma muy exhaustiva, pero&nbsp;<\/span><span style=\"font-size: 13px;\">esto no quiere decir que se lleve a la pr\u00e1ctica real del d\u00eda a d\u00eda de los trabajadores.<\/span><\/p><p>Parece que se trata de un \u201ccumplimiento\u201d (cumplo y miento) de las obligaciones que impone&nbsp;<span style=\"font-size: 13px;\">la Ley de PRL, del a\u00f1o 1995, as\u00ed como el resto de la legislaci\u00f3n que desarrolla esta, m\u00e1s que&nbsp;<\/span><span style=\"font-size: 13px;\">una preocupaci\u00f3n real del impacto que el trabajo produce en la salud de las personas&nbsp;<\/span><span style=\"font-size: 13px;\">trabajadoras.<\/span><\/p><p>As\u00ed nuestro sistema de gesti\u00f3n de la prevenci\u00f3n desarrolla, entre otros aspectos, m\u00e1s de 30&nbsp;<span style=\"font-size: 13px;\">procedimientos de PRL para los centros asistenciales del SAS.<\/span><\/p><\/div>\n\t\t\t\t<\/div>\n\t\t\t\t\t\t\t<div class=\"elementor-accordion-item\">\n\t\t\t\t\t<div id=\"elementor-tab-title-8302\" class=\"elementor-tab-title\" data-tab=\"2\" role=\"tab\" aria-controls=\"elementor-tab-content-8302\" aria-expanded=\"false\">\n\t\t\t\t\t\t\t\t\t\t\t\t\t<span class=\"elementor-accordion-icon elementor-accordion-icon-left\" aria-hidden=\"true\">\n\t\t\t\t\t\t\t\t\t\t\t\t\t\t\t<span class=\"elementor-accordion-icon-closed\"><i class=\"fas fa-plus\"><\/i><\/span>\n\t\t\t\t\t\t\t\t<span class=\"elementor-accordion-icon-opened\"><i class=\"fas fa-minus\"><\/i><\/span>\n\t\t\t\t\t\t\t\t\t\t\t\t\t\t<\/span>\n\t\t\t\t\t\t\t\t\t\t\t\t<a class=\"elementor-accordion-title\" href=\"\">Iv\u00e1n Aguilar. Vocal\u00eda Agencias P\u00fablicas y Formaci\u00f3n<\/a>\n\t\t\t\t\t<\/div>\n\t\t\t\t\t<div id=\"elementor-tab-content-8302\" class=\"elementor-tab-content elementor-clearfix\" data-tab=\"2\" role=\"tabpanel\" aria-labelledby=\"elementor-tab-title-8302\"><p>El Sindicato M\u00e9dico Andaluz (SMA) es una organizaci\u00f3n sindical en constante evoluci\u00f3n donde analizamos, de manera constante, nuestras fortalezas y debilidades.&nbsp;<\/p><p>En los \u00faltimos a\u00f1os hemos podido evidenciar una importante debilidad sindical relacionada concretamente con la FORMACI\u00d3N asistencial, y no asistencial, de los facultativos afiliados al SMA.&nbsp;&nbsp;<\/p><p>Por este motivo, nuestra organizaci\u00f3n sindical ha trabajado duramente hacia la direcci\u00f3n sindical \u201cFormaci\u00f3n del SMA\u201d consiguiendo en los \u00faltimos 24 meses organizar e impartir numerosas acciones formativas, tanto acreditadas como no acreditadas,&nbsp; actualizar el banco de ex\u00e1menes de otras Comunidades Aut\u00f3nomas, actualizar el banco de preguntas no asistenciales de los temas comunes y espec\u00edficos del temario de las Ofertas P\u00fablicas de Empleo del Servicio Andaluz de Salud, la expedici\u00f3n de m\u00e1s de 10.000 certificados discentes y m\u00e1s de 800 certificados docentes\u2026.<\/p><p>Y os pod\u00e9is preguntar \u00bfC\u00f3mo ha conseguido todo esto el SMA en menos de 24 meses?&nbsp;<\/p><p>La respuesta la encontrareis en las futuras jornadas del SMA que se celebrar\u00e1n el la provincia de Almer\u00eda en el pr\u00f3ximo mes de octubre de 2022.<\/p><\/div>\n\t\t\t\t<\/div>\n\t\t\t\t\t\t\t<div class=\"elementor-accordion-item\">\n\t\t\t\t\t<div id=\"elementor-tab-title-8303\" class=\"elementor-tab-title\" data-tab=\"3\" role=\"tab\" aria-controls=\"elementor-tab-content-8303\" aria-expanded=\"false\">\n\t\t\t\t\t\t\t\t\t\t\t\t\t<span class=\"elementor-accordion-icon elementor-accordion-icon-left\" aria-hidden=\"true\">\n\t\t\t\t\t\t\t\t\t\t\t\t\t\t\t<span class=\"elementor-accordion-icon-closed\"><i class=\"fas fa-plus\"><\/i><\/span>\n\t\t\t\t\t\t\t\t<span class=\"elementor-accordion-icon-opened\"><i class=\"fas fa-minus\"><\/i><\/span>\n\t\t\t\t\t\t\t\t\t\t\t\t\t\t<\/span>\n\t\t\t\t\t\t\t\t\t\t\t\t<a class=\"elementor-accordion-title\" href=\"\">Jos\u00e9 Luis Carrillo. Vocal\u00eda Cuerpo A4<\/a>\n\t\t\t\t\t<\/div>\n\t\t\t\t\t<div id=\"elementor-tab-content-8303\" class=\"elementor-tab-content elementor-clearfix\" data-tab=\"3\" role=\"tabpanel\" aria-labelledby=\"elementor-tab-title-8303\"><p>El C.S.F. de Instituciones Sanitarias se crea por Ley 8\/1997. Se trata de un Cuerpo de&nbsp;<span style=\"font-size: 13px;\">Funcionarios que realiza su actividad en una instituci\u00f3n, SAS, donde el resto de sus&nbsp;<\/span><span style=\"font-size: 13px;\">Profesionales son Estatutarios. Este colectivo de Farmac\u00e9uticos y Veterinarios tiene&nbsp;<\/span><span style=\"font-size: 13px;\">m\u00faltiples y variadas funciones, siendo sus principales objetivos la PREVENCI\u00d3N DE&nbsp;<\/span><span style=\"font-size: 13px;\">ENFERMEDADES QUE PUEDAN TRANSMITIRSE AL SER HUMANO.<\/span><\/p>\n<p>En nuestra Jornada Sindical de Almer\u00eda vamos a intentar dar a conocer a los Delegados&nbsp;<span style=\"font-size: 13px;\">de los distintos Sindicatos Provinciales quienes somos, qu\u00e9 hacemos y el por qu\u00e9 de&nbsp;<\/span><span style=\"font-size: 13px;\">nuestra Vocal\u00eda Funcional pues entendemos que a\u00fan seguimos siendo unos grandes&nbsp;<\/span><span style=\"font-size: 13px;\">desconocidos, tanto para la Administraci\u00f3n c\u00f3mo para nuestros compa\u00f1eros Delegados.<\/span><\/p>\n<p>A la misma vez, al ser un colectivo de Funcionarios, tenemos nuestra propia normativa&nbsp;<span style=\"font-size: 13px;\">reguladora que dimana de la Ley 8\/1997, c\u00f3mo es el Decreto 70\/2008. Decreto que no&nbsp;<\/span><span style=\"font-size: 13px;\">se negoci\u00f3 por parte de la Administraci\u00f3n y que fue impugnado por todas las OOSS&nbsp;<\/span><span style=\"font-size: 13px;\">presentes en Mesa Sectorial. Decreto que sigue manteniendo descontento a todos los&nbsp;<\/span><span style=\"font-size: 13px;\">Profesionales del Cuerpo A4 y que, nuestro primer objetivo como SMA debe ser su&nbsp;<\/span><span style=\"font-size: 13px;\">modificaci\u00f3n.<\/span><\/p>\n<p>A d\u00eda de hoy, como colectivo, estamos afiliados a los Sindicatos Provinciales m\u00e1s de un&nbsp;<span style=\"font-size: 13px;\">45% de los Profesionales que integran la plantilla, pero podemos crecer a\u00fan m\u00e1s, pues&nbsp;<\/span><span style=\"font-size: 13px;\">hay provincias con una menor implantaci\u00f3n y que podr\u00e1n conseguir un mayor&nbsp;<\/span><span style=\"font-size: 13px;\">crecimiento, bas\u00e1ndonos en que somos el \u00fanico Sindicato que dispone de Vocales del&nbsp;<\/span><span style=\"font-size: 13px;\">Cuerpo A4 en todas las provincias. Quiz\u00e1s nos falta vender nuestros logros, y ah\u00ed&nbsp;<\/span><span style=\"font-size: 13px;\">deberemos realizar una mayor incidencia para que nuestros compa\u00f1eros nos sigan&nbsp;<\/span><span style=\"font-size: 13px;\">garantizando su voto y nos sigan considerando como la verdadera referencia dentro del&nbsp;<\/span><span style=\"font-size: 13px;\">colectivo.<\/span><\/p><\/div>\n\t\t\t\t<\/div>\n\t\t\t\t\t\t\t\t<\/div>\n\t\t\t\t<\/div>\n\t\t\t\t<\/div>\n\t\t\t\t\t<\/div>\n\t\t<\/div>\n\t\t\t\t\t\t\t<\/div>\n\t\t<\/section>\n\t\t\t\t\t\t\t<\/div>\n\t\t","protected":false},"excerpt":{"rendered":"<p>Carmen Serrano. Vocal\u00eda PRL Nuestra organizaci\u00f3n siempre ha mostrado una especial sensibilidad con los temas&nbsp;relacionados con la salud laboral. Desde la publicaci\u00f3n de la Ley de PRL hasta la actualidad, el trabajo y esfuerzo de los delegados&nbsp;sindicales, a los que env\u00edo un reconocimiento, ha influido de manera fundamental en el&nbsp;modelo del que disponemos actualmente, que [&hellip;]<\/p>\n","protected":false},"author":3,"featured_media":0,"parent":294,"menu_order":0,"comment_status":"closed","ping_status":"closed","template":"elementor_theme","meta":[],"_links":{"self":[{"href":"https:\/\/jornadas.smandaluz.com\/index.php?rest_route=\/wp\/v2\/pages\/1085"}],"collection":[{"href":"https:\/\/jornadas.smandaluz.com\/index.php?rest_route=\/wp\/v2\/pages"}],"about":[{"href":"https:\/\/jornadas.smandaluz.com\/index.php?rest_route=\/wp\/v2\/types\/page"}],"author":[{"embeddable":true,"href":"https:\/\/jornadas.smandaluz.com\/index.php?rest_route=\/wp\/v2\/users\/3"}],"replies":[{"embeddable":true,"href":"https:\/\/jornadas.smandaluz.com\/index.php?rest_route=%2Fwp%2Fv2%2Fcomments&post=1085"}],"version-history":[{"count":32,"href":"https:\/\/jornadas.smandaluz.com\/index.php?rest_route=\/wp\/v2\/pages\/1085\/revisions"}],"predecessor-version":[{"id":1358,"href":"https:\/\/jornadas.smandaluz.com\/index.php?rest_route=\/wp\/v2\/pages\/1085\/revisions\/1358"}],"up":[{"embeddable":true,"href":"https:\/\/jornadas.smandaluz.com\/index.php?rest_route=\/wp\/v2\/pages\/294"}],"wp:attachment":[{"href":"https:\/\/jornadas.smandaluz.com\/index.php?rest_route=%2Fwp%2Fv2%2Fmedia&parent=1085"}],"curies":[{"name":"wp","href":"https:\/\/api.w.org\/{rel}","templated":true}]}}