{"id":1194,"date":"2022-09-13T11:30:36","date_gmt":"2022-09-13T11:30:36","guid":{"rendered":"https:\/\/jornadas.smandaluz.com\/?page_id=1194"},"modified":"2022-09-29T08:27:47","modified_gmt":"2022-09-29T08:27:47","slug":"planteamientos-electorales","status":"publish","type":"page","link":"https:\/\/jornadas.smandaluz.com\/?page_id=1194","title":{"rendered":"Planteamientos electorales"},"content":{"rendered":"\t\t<div data-elementor-type=\"wp-page\" data-elementor-id=\"1194\" class=\"elementor elementor-1194\">\n\t\t\t\t\t\t\t\t\t<section class=\"elementor-section elementor-top-section elementor-element elementor-element-68f6cd6 elementor-section-height-min-height elementor-section-content-space-around elementor-section-stretched elementor-section-full_width elementor-section-height-default elementor-section-items-middle\" data-id=\"68f6cd6\" data-element_type=\"section\" data-settings=\"{&quot;background_background&quot;:&quot;classic&quot;,&quot;stretch_section&quot;:&quot;section-stretched&quot;}\">\n\t\t\t\t\t\t<div class=\"elementor-container elementor-column-gap-wider\">\n\t\t\t\t\t<div class=\"elementor-column elementor-col-100 elementor-top-column elementor-element elementor-element-fc138b7\" data-id=\"fc138b7\" data-element_type=\"column\">\n\t\t\t<div class=\"elementor-widget-wrap elementor-element-populated\">\n\t\t\t\t\t\t\t\t<div class=\"elementor-element elementor-element-b96b0c5 elementor-widget elementor-widget-accordion\" data-id=\"b96b0c5\" data-element_type=\"widget\" data-widget_type=\"accordion.default\">\n\t\t\t\t<div class=\"elementor-widget-container\">\n\t\t\t<style>\/*! elementor - v3.6.4 - 13-04-2022 *\/\n.elementor-accordion{text-align:left}.elementor-accordion .elementor-accordion-item{border:1px solid #d4d4d4}.elementor-accordion .elementor-accordion-item+.elementor-accordion-item{border-top:none}.elementor-accordion .elementor-tab-title{margin:0;padding:15px 20px;font-weight:700;line-height:1;cursor:pointer;outline:none}.elementor-accordion .elementor-tab-title .elementor-accordion-icon{display:inline-block;width:1.5em}.elementor-accordion .elementor-tab-title .elementor-accordion-icon svg{width:1em;height:1em}.elementor-accordion .elementor-tab-title .elementor-accordion-icon.elementor-accordion-icon-right{float:right;text-align:right}.elementor-accordion .elementor-tab-title .elementor-accordion-icon.elementor-accordion-icon-left{float:left;text-align:left}.elementor-accordion .elementor-tab-title .elementor-accordion-icon .elementor-accordion-icon-closed{display:block}.elementor-accordion .elementor-tab-title .elementor-accordion-icon .elementor-accordion-icon-opened,.elementor-accordion .elementor-tab-title.elementor-active .elementor-accordion-icon-closed{display:none}.elementor-accordion .elementor-tab-title.elementor-active .elementor-accordion-icon-opened{display:block}.elementor-accordion .elementor-tab-content{display:none;padding:15px 20px;border-top:1px solid #d4d4d4}@media (max-width:767px){.elementor-accordion .elementor-tab-title{padding:12px 15px}.elementor-accordion .elementor-tab-title .elementor-accordion-icon{width:1.2em}.elementor-accordion .elementor-tab-content{padding:7px 15px}}<\/style>\t\t<div class=\"elementor-accordion\" role=\"tablist\">\n\t\t\t\t\t\t\t<div class=\"elementor-accordion-item\">\n\t\t\t\t\t<div id=\"elementor-tab-title-1941\" class=\"elementor-tab-title\" data-tab=\"1\" role=\"tab\" aria-controls=\"elementor-tab-content-1941\" aria-expanded=\"false\">\n\t\t\t\t\t\t\t\t\t\t\t\t\t<span class=\"elementor-accordion-icon elementor-accordion-icon-left\" aria-hidden=\"true\">\n\t\t\t\t\t\t\t\t\t\t\t\t\t\t\t<span class=\"elementor-accordion-icon-closed\"><i class=\"fas fa-plus\"><\/i><\/span>\n\t\t\t\t\t\t\t\t<span class=\"elementor-accordion-icon-opened\"><i class=\"fas fa-minus\"><\/i><\/span>\n\t\t\t\t\t\t\t\t\t\t\t\t\t\t<\/span>\n\t\t\t\t\t\t\t\t\t\t\t\t<a class=\"elementor-accordion-title\" href=\"\">Almer\u00eda<\/a>\n\t\t\t\t\t<\/div>\n\t\t\t\t\t<div id=\"elementor-tab-content-1941\" class=\"elementor-tab-content elementor-clearfix\" data-tab=\"1\" role=\"tabpanel\" aria-labelledby=\"elementor-tab-title-1941\"><p>Sorpresa!<\/p><\/div>\n\t\t\t\t<\/div>\n\t\t\t\t\t\t\t<div class=\"elementor-accordion-item\">\n\t\t\t\t\t<div id=\"elementor-tab-title-1942\" class=\"elementor-tab-title\" data-tab=\"2\" role=\"tab\" aria-controls=\"elementor-tab-content-1942\" aria-expanded=\"false\">\n\t\t\t\t\t\t\t\t\t\t\t\t\t<span class=\"elementor-accordion-icon elementor-accordion-icon-left\" aria-hidden=\"true\">\n\t\t\t\t\t\t\t\t\t\t\t\t\t\t\t<span class=\"elementor-accordion-icon-closed\"><i class=\"fas fa-plus\"><\/i><\/span>\n\t\t\t\t\t\t\t\t<span class=\"elementor-accordion-icon-opened\"><i class=\"fas fa-minus\"><\/i><\/span>\n\t\t\t\t\t\t\t\t\t\t\t\t\t\t<\/span>\n\t\t\t\t\t\t\t\t\t\t\t\t<a class=\"elementor-accordion-title\" href=\"\">C\u00e1diz<\/a>\n\t\t\t\t\t<\/div>\n\t\t\t\t\t<div id=\"elementor-tab-content-1942\" class=\"elementor-tab-content elementor-clearfix\" data-tab=\"2\" role=\"tabpanel\" aria-labelledby=\"elementor-tab-title-1942\"><p>LINEAS ESTRATEGICAS ELECCIONES SINDICALES 2023 EN EL SINDICATO MEDICO DE CADIZ\u00a0<\/p><p>1.- ESTRUCTURA SANITARIA DE LA PROVINCIA DE CADIZ\u00a0<\/p><p>Breve repaso a la Estructura Sanitaria del SAS en la Provincia de C\u00e1diz.\u00a0<\/p><p>2.- AFILIADOS ACTUALES EN EL SM DE CADIZ (2-09-2022):\u00a0<\/p><p>3.- ESTRUCTURA DE NUESTRO SINDICATO: Composici\u00f3n y estructura de nuestro Sindicato.\u00a0<\/p><p>4.- DIRECTRICES DE NUESTRO SINDICATO EN LAS ELECCIONES SINDICALES:\u00a0<\/p><p>\u25a0LINEAS GENERALES: \u2022Actitud del Delegado Sindical \u2022Importancia de ser Afiliado del Sindicato M\u00e9dico. \u2022Transmisi\u00f3n de Informaci\u00f3n, sugerencias y novedades. \u25a0ESTRATEGIA ELECCIONES 2023: \u2022Intensificar Visitas a Centros de Salud y Servicios de Hospital. \u2022Intentar Afiliar siempre en cada visita (Afiliado = Votante potencial en las elecciones). \u2022Papeletas electorales con el mayor n\u00famero de candidatos posible. \u2022Captaci\u00f3n de posibles votantes de otras categor\u00edas. \u2022Voto por correo. \u2022Fechas de las Elecciones. \u2022Mesas Electorales. \u2022Log\u00edstica del d\u00eda electoral.\u00a0<\/p><\/div>\n\t\t\t\t<\/div>\n\t\t\t\t\t\t\t<div class=\"elementor-accordion-item\">\n\t\t\t\t\t<div id=\"elementor-tab-title-1943\" class=\"elementor-tab-title\" data-tab=\"3\" role=\"tab\" aria-controls=\"elementor-tab-content-1943\" aria-expanded=\"false\">\n\t\t\t\t\t\t\t\t\t\t\t\t\t<span class=\"elementor-accordion-icon elementor-accordion-icon-left\" aria-hidden=\"true\">\n\t\t\t\t\t\t\t\t\t\t\t\t\t\t\t<span class=\"elementor-accordion-icon-closed\"><i class=\"fas fa-plus\"><\/i><\/span>\n\t\t\t\t\t\t\t\t<span class=\"elementor-accordion-icon-opened\"><i class=\"fas fa-minus\"><\/i><\/span>\n\t\t\t\t\t\t\t\t\t\t\t\t\t\t<\/span>\n\t\t\t\t\t\t\t\t\t\t\t\t<a class=\"elementor-accordion-title\" href=\"\">C\u00f3rdoba<\/a>\n\t\t\t\t\t<\/div>\n\t\t\t\t\t<div id=\"elementor-tab-content-1943\" class=\"elementor-tab-content elementor-clearfix\" data-tab=\"3\" role=\"tabpanel\" aria-labelledby=\"elementor-tab-title-1943\"><p>Sorpresa!<\/p><\/div>\n\t\t\t\t<\/div>\n\t\t\t\t\t\t\t<div class=\"elementor-accordion-item\">\n\t\t\t\t\t<div id=\"elementor-tab-title-1944\" class=\"elementor-tab-title\" data-tab=\"4\" role=\"tab\" aria-controls=\"elementor-tab-content-1944\" aria-expanded=\"false\">\n\t\t\t\t\t\t\t\t\t\t\t\t\t<span class=\"elementor-accordion-icon elementor-accordion-icon-left\" aria-hidden=\"true\">\n\t\t\t\t\t\t\t\t\t\t\t\t\t\t\t<span class=\"elementor-accordion-icon-closed\"><i class=\"fas fa-plus\"><\/i><\/span>\n\t\t\t\t\t\t\t\t<span class=\"elementor-accordion-icon-opened\"><i class=\"fas fa-minus\"><\/i><\/span>\n\t\t\t\t\t\t\t\t\t\t\t\t\t\t<\/span>\n\t\t\t\t\t\t\t\t\t\t\t\t<a class=\"elementor-accordion-title\" href=\"\">Granada<\/a>\n\t\t\t\t\t<\/div>\n\t\t\t\t\t<div id=\"elementor-tab-content-1944\" class=\"elementor-tab-content elementor-clearfix\" data-tab=\"4\" role=\"tabpanel\" aria-labelledby=\"elementor-tab-title-1944\"><p class=\"MsoNormal\">Los hospitales comarcales empezaron su andadura en el a\u00f1o 1986. El prop\u00f3sito de la creaci\u00f3n de los mismo persegu\u00eda 2 objetivos: por un lado, acercar el sistema sanitario a los ciudadanos de aquellos n\u00facleos de poblaci\u00f3n m\u00e1s aislados-dispersos y por otro, descargar de la actividad m\u00e1s frecuente a los hospitales de referencia.<\/p><p>\u00a0<\/p><p class=\"MsoNormal\">En sus inicios los comarcales se cubrieron con personal normalmente muy joven, entusiastas, ilusionados y con unas expectativas de desarrollo personal y profesional que suplieron con creces las grandes deficiencias tecnol\u00f3gicas y de material iniciales. Fue el empuje de estos profesionales, el compromiso de la poblaci\u00f3n y unos resultados en t\u00e9rminos de eficiencia y calidad, la que oblig\u00f3 a una Administraci\u00f3n siempre cicatera y taca\u00f1a, a invertir m\u00e1s all\u00e1 de los previsto. Casi podr\u00edamos decir que se vio sorprendida por unos resultados que se pod\u00edan equiparar, no s\u00f3lo en t\u00e9rminos asistenciales sino tambi\u00e9n de gesti\u00f3n pura y dura.\u00a0<\/p><\/div>\n\t\t\t\t<\/div>\n\t\t\t\t\t\t\t<div class=\"elementor-accordion-item\">\n\t\t\t\t\t<div id=\"elementor-tab-title-1945\" class=\"elementor-tab-title\" data-tab=\"5\" role=\"tab\" aria-controls=\"elementor-tab-content-1945\" aria-expanded=\"false\">\n\t\t\t\t\t\t\t\t\t\t\t\t\t<span class=\"elementor-accordion-icon elementor-accordion-icon-left\" aria-hidden=\"true\">\n\t\t\t\t\t\t\t\t\t\t\t\t\t\t\t<span class=\"elementor-accordion-icon-closed\"><i class=\"fas fa-plus\"><\/i><\/span>\n\t\t\t\t\t\t\t\t<span class=\"elementor-accordion-icon-opened\"><i class=\"fas fa-minus\"><\/i><\/span>\n\t\t\t\t\t\t\t\t\t\t\t\t\t\t<\/span>\n\t\t\t\t\t\t\t\t\t\t\t\t<a class=\"elementor-accordion-title\" href=\"\">Huelva<\/a>\n\t\t\t\t\t<\/div>\n\t\t\t\t\t<div id=\"elementor-tab-content-1945\" class=\"elementor-tab-content elementor-clearfix\" data-tab=\"5\" role=\"tabpanel\" aria-labelledby=\"elementor-tab-title-1945\"><p>ACTITUD Y ACCION SINDICAL FRENTE A LAS FUTURAS ELECCIONES&nbsp;<span style=\"font-size: 13px;\">SINDICALES<\/span><\/p><p>Cualquier sistema electoral plantea incertidumbre ante los posibles resultados que&nbsp;<span style=\"font-size: 13px;\">obtendr\u00e1n los elegibles, dicha incertidumbre viene determinada por diferentes factores&nbsp;<\/span><span style=\"font-size: 13px;\">algunos de los cuales se expondr\u00e1n en las jornadas. Resaltando los m\u00e1s gravosos para&nbsp;<\/span><span style=\"font-size: 13px;\">nuestra organizaci\u00f3n.<\/span><\/p><p>En unas elecciones sindicales, debemos tener en cuenta dos conceptos, uno laboral y el&nbsp;<span style=\"font-size: 13px;\">otro sindical, con diferentes par\u00e1metros a evaluar&nbsp;<\/span><span style=\"font-size: 13px;\">La falta de facultativos es un hecho que expondremos como eje vertebrador de la&nbsp;<\/span><span style=\"font-size: 13px;\">presentaci\u00f3n y alrededor del mismo, los planteamientos que ante dicho d\u00e9ficit plantea la&nbsp;<\/span><span style=\"font-size: 13px;\">administraci\u00f3n auton\u00f3mica y central junto con la organizaci\u00f3n m\u00e9dica colegial.<\/span><\/p><p>Los conceptos retributivos son importantes sobre todo cuando hay diferencias en el&nbsp;<span style=\"font-size: 13px;\">mismo territorio nacional, se analizar\u00e1 sobre todo en primaria, destacando el olvido de&nbsp;<\/span><span style=\"font-size: 13px;\">esta.<\/span><\/p><p>As\u00ed mismo expondremos de forma general la posici\u00f3n que nuestra organizaci\u00f3n puede&nbsp;<span style=\"font-size: 13px;\">adoptar ante la elecci\u00f3n del voto.<\/span><\/p><\/div>\n\t\t\t\t<\/div>\n\t\t\t\t\t\t\t<div class=\"elementor-accordion-item\">\n\t\t\t\t\t<div id=\"elementor-tab-title-1946\" class=\"elementor-tab-title\" data-tab=\"6\" role=\"tab\" aria-controls=\"elementor-tab-content-1946\" aria-expanded=\"false\">\n\t\t\t\t\t\t\t\t\t\t\t\t\t<span class=\"elementor-accordion-icon elementor-accordion-icon-left\" aria-hidden=\"true\">\n\t\t\t\t\t\t\t\t\t\t\t\t\t\t\t<span class=\"elementor-accordion-icon-closed\"><i class=\"fas fa-plus\"><\/i><\/span>\n\t\t\t\t\t\t\t\t<span class=\"elementor-accordion-icon-opened\"><i class=\"fas fa-minus\"><\/i><\/span>\n\t\t\t\t\t\t\t\t\t\t\t\t\t\t<\/span>\n\t\t\t\t\t\t\t\t\t\t\t\t<a class=\"elementor-accordion-title\" href=\"\">Ja\u00e9n<\/a>\n\t\t\t\t\t<\/div>\n\t\t\t\t\t<div id=\"elementor-tab-content-1946\" class=\"elementor-tab-content elementor-clearfix\" data-tab=\"6\" role=\"tabpanel\" aria-labelledby=\"elementor-tab-title-1946\"><p>ESTRATEGIAS EN LA ELABORACI\u00d3N DE UN PROGRAMA ELECTORAL PARA HOSPITALES&nbsp;<span style=\"font-size: 13px;\">COMARCALES.<\/span><\/p><p>Se trata de ver las peculiaridades que la actual legislaci\u00f3n ofrece para mejorar e incentivar&nbsp;<span style=\"font-size: 13px;\">a los profesionales de los Hospitales comarcales.<\/span><\/p><\/div>\n\t\t\t\t<\/div>\n\t\t\t\t\t\t\t<div class=\"elementor-accordion-item\">\n\t\t\t\t\t<div id=\"elementor-tab-title-1947\" class=\"elementor-tab-title\" data-tab=\"7\" role=\"tab\" aria-controls=\"elementor-tab-content-1947\" aria-expanded=\"false\">\n\t\t\t\t\t\t\t\t\t\t\t\t\t<span class=\"elementor-accordion-icon elementor-accordion-icon-left\" aria-hidden=\"true\">\n\t\t\t\t\t\t\t\t\t\t\t\t\t\t\t<span class=\"elementor-accordion-icon-closed\"><i class=\"fas fa-plus\"><\/i><\/span>\n\t\t\t\t\t\t\t\t<span class=\"elementor-accordion-icon-opened\"><i class=\"fas fa-minus\"><\/i><\/span>\n\t\t\t\t\t\t\t\t\t\t\t\t\t\t<\/span>\n\t\t\t\t\t\t\t\t\t\t\t\t<a class=\"elementor-accordion-title\" href=\"\">M\u00e1laga<\/a>\n\t\t\t\t\t<\/div>\n\t\t\t\t\t<div id=\"elementor-tab-content-1947\" class=\"elementor-tab-content elementor-clearfix\" data-tab=\"7\" role=\"tabpanel\" aria-labelledby=\"elementor-tab-title-1947\"><p>EN DEFENSA DE LOS DERECHOS SOBRE PERMISOS RELACIONADOS CON LA MATERNIDAD Y&nbsp;<span style=\"font-size: 13px;\">PATERNIDAD<\/span><\/p><p><span style=\"font-size: 13px;\">En abril de 2019, en la constataci\u00f3n de la falta de igualdad y conciliaci\u00f3n en el colectivo de&nbsp;<\/span><span style=\"font-size: 13px;\">facultativos y facultativas del SAS, el Sindicato M\u00e9dico de M\u00e1laga cre\u00f3 la Vocal\u00eda Funcional de&nbsp;<\/span><span style=\"font-size: 13px;\">Igualdad y Conciliaci\u00f3n con el objetivo de avanzar hacia la igualdad real y facilitar la conciliaci\u00f3n&nbsp;<\/span><span style=\"font-size: 13px;\">de la vida laboral y personal del colectivo, promoviendo acciones que nos acercaran al objetivo.<\/span><br><\/p><p>En nuestra Jornada Sindical presentamos las situaciones de discriminaci\u00f3n en las retribuciones&nbsp;<span style=\"font-size: 13px;\">relacionadas con las situaciones de maternidad, paternidad y asimilados, y las reclamaciones y&nbsp;<\/span><span style=\"font-size: 13px;\">demandas en dichas situaciones.<\/span><\/p><p>En enero de 2022, la Asesor\u00eda Jur\u00eddica y la Vocal\u00eda de Igualdad y Conciliaci\u00f3n elaboraron una&nbsp;<span style=\"font-size: 13px;\">\u201cGu\u00eda de situaciones con condiciones discriminatorias entre las\/os profesionales, relacionadas&nbsp;<\/span><span style=\"font-size: 13px;\">con el embarazo y\/o la maternidad\/paternidad\/progenitor diferente a la madre biol\u00f3gica,&nbsp;<\/span><span style=\"font-size: 13px;\">susceptibles de demanda\u201d destinada a delegados sindicales.<\/span><\/p><p>Durante la exposici\u00f3n se abordar\u00e1n las diferentes situaciones y se mostrar\u00e1n los resultados&nbsp;<span style=\"font-size: 13px;\">obtenidos hasta ahora.<\/span><\/p><p>Adem\u00e1s de la garant\u00eda de derechos reconocidos por los procedimientos judiciales hay un&nbsp;<span style=\"font-size: 13px;\">aumento neto de la afiliaci\u00f3n de un 33%.<\/span><\/p><p>Una de las premisas que nos garantizan la fidelidad del voto es velar por los derechos de los&nbsp;<span style=\"font-size: 13px;\">facultativos y facultativas. Los procedimientos judiciales, adem\u00e1s de garantizar los derechos&nbsp;<\/span><span style=\"font-size: 13px;\">reconocidos, nos han permitido un aumento neto de la afiliaci\u00f3n de un 33% de los&nbsp;<\/span><span style=\"font-size: 13px;\">procedimientos presentados.<\/span><\/p><\/div>\n\t\t\t\t<\/div>\n\t\t\t\t\t\t\t<div class=\"elementor-accordion-item\">\n\t\t\t\t\t<div id=\"elementor-tab-title-1948\" class=\"elementor-tab-title\" data-tab=\"8\" role=\"tab\" aria-controls=\"elementor-tab-content-1948\" aria-expanded=\"false\">\n\t\t\t\t\t\t\t\t\t\t\t\t\t<span class=\"elementor-accordion-icon elementor-accordion-icon-left\" aria-hidden=\"true\">\n\t\t\t\t\t\t\t\t\t\t\t\t\t\t\t<span class=\"elementor-accordion-icon-closed\"><i class=\"fas fa-plus\"><\/i><\/span>\n\t\t\t\t\t\t\t\t<span class=\"elementor-accordion-icon-opened\"><i class=\"fas fa-minus\"><\/i><\/span>\n\t\t\t\t\t\t\t\t\t\t\t\t\t\t<\/span>\n\t\t\t\t\t\t\t\t\t\t\t\t<a class=\"elementor-accordion-title\" href=\"\">Sevilla<\/a>\n\t\t\t\t\t<\/div>\n\t\t\t\t\t<div id=\"elementor-tab-content-1948\" class=\"elementor-tab-content elementor-clearfix\" data-tab=\"8\" role=\"tabpanel\" aria-labelledby=\"elementor-tab-title-1948\"><p>ESTRATEGIA DE COMUNICACI\u00d3N DEL SMS PARA LAS\nELECCIONES SINDICALES DE 2023&nbsp;<\/p><p>Comienza con una breve introducci\u00f3n que repasa la evoluci\u00f3n de nuestra organizaci\u00f3n\nprovincial durante los \u00faltimos a\u00f1os en materia de comunicaci\u00f3n que ha supuesto un\nnotable aumento de nuestra presencia en los medios cl\u00e1sicos de difusi\u00f3n para quienes en\ncierto modo somos la fuente de referencia para los temas de actualidad en el \u00e1mbito\nsanitario. Para ello ha sido imprescindible una accesibilidad permanente a la hora de\nconceder entrevistas institucionales a radio, televisi\u00f3n y prensa escrita.\nSe destaca tambi\u00e9n en esta introducci\u00f3n el papel preponderante que han ido tomando las\nlos medios digitales y RRSS. En este sentido es importante subrayar la utilizaci\u00f3n de\naplicaciones de mensajer\u00eda instant\u00e1nea y en concreto Whatsapp que por su inmediatez se\nha consolidado como el medio m\u00e1s utilizado por el afiliado para mantenerse informado o\npara consultar dudas a su delegado. Desde el SMS transmitimos casi a diario noticias y\nmensajes \u00fatiles elaborados desde el gabinete de comunicaci\u00f3n utilizando esta plataforma\ngeneralmente a trav\u00e9s de listas de difusi\u00f3n como mostraremos con algunos ejemplos.\nTras esta introducci\u00f3n se proceder\u00e1 a exponer la estrategia del SMS de cara a las\npr\u00f3ximas elecciones sindicales, presentaci\u00f3n que se adjunta a continuaci\u00f3n en versi\u00f3n\nreducida.<br><\/p><\/div>\n\t\t\t\t<\/div>\n\t\t\t\t\t\t\t\t<\/div>\n\t\t\t\t<\/div>\n\t\t\t\t<\/div>\n\t\t\t\t<div class=\"elementor-element elementor-element-bdb44b6 elementor-widget-divider--view-line elementor-widget elementor-widget-divider\" data-id=\"bdb44b6\" data-element_type=\"widget\" data-widget_type=\"divider.default\">\n\t\t\t\t<div class=\"elementor-widget-container\">\n\t\t\t<style>\/*! elementor - v3.6.4 - 13-04-2022 *\/\n.elementor-widget-divider{--divider-border-style:none;--divider-border-width:1px;--divider-color:#2c2c2c;--divider-icon-size:20px;--divider-element-spacing:10px;--divider-pattern-height:24px;--divider-pattern-size:20px;--divider-pattern-url:none;--divider-pattern-repeat:repeat-x}.elementor-widget-divider .elementor-divider{display:-webkit-box;display:-ms-flexbox;display:flex}.elementor-widget-divider .elementor-divider__text{font-size:15px;line-height:1;max-width:95%}.elementor-widget-divider .elementor-divider__element{margin:0 var(--divider-element-spacing);-ms-flex-negative:0;flex-shrink:0}.elementor-widget-divider .elementor-icon{font-size:var(--divider-icon-size)}.elementor-widget-divider .elementor-divider-separator{display:-webkit-box;display:-ms-flexbox;display:flex;margin:0;direction:ltr}.elementor-widget-divider--view-line_icon .elementor-divider-separator,.elementor-widget-divider--view-line_text .elementor-divider-separator{-webkit-box-align:center;-ms-flex-align:center;align-items:center}.elementor-widget-divider--view-line_icon .elementor-divider-separator:after,.elementor-widget-divider--view-line_icon .elementor-divider-separator:before,.elementor-widget-divider--view-line_text .elementor-divider-separator:after,.elementor-widget-divider--view-line_text .elementor-divider-separator:before{display:block;content:\"\";border-bottom:0;-webkit-box-flex:1;-ms-flex-positive:1;flex-grow:1;border-top:var(--divider-border-width) var(--divider-border-style) var(--divider-color)}.elementor-widget-divider--element-align-left .elementor-divider .elementor-divider-separator>.elementor-divider__svg:first-of-type{-webkit-box-flex:0;-ms-flex-positive:0;flex-grow:0;-ms-flex-negative:100;flex-shrink:100}.elementor-widget-divider--element-align-left .elementor-divider-separator:before{content:none}.elementor-widget-divider--element-align-left .elementor-divider__element{margin-left:0}.elementor-widget-divider--element-align-right .elementor-divider .elementor-divider-separator>.elementor-divider__svg:last-of-type{-webkit-box-flex:0;-ms-flex-positive:0;flex-grow:0;-ms-flex-negative:100;flex-shrink:100}.elementor-widget-divider--element-align-right .elementor-divider-separator:after{content:none}.elementor-widget-divider--element-align-right .elementor-divider__element{margin-right:0}.elementor-widget-divider:not(.elementor-widget-divider--view-line_text):not(.elementor-widget-divider--view-line_icon) .elementor-divider-separator{border-top:var(--divider-border-width) var(--divider-border-style) var(--divider-color)}.elementor-widget-divider--separator-type-pattern{--divider-border-style:none}.elementor-widget-divider--separator-type-pattern.elementor-widget-divider--view-line .elementor-divider-separator,.elementor-widget-divider--separator-type-pattern:not(.elementor-widget-divider--view-line) .elementor-divider-separator:after,.elementor-widget-divider--separator-type-pattern:not(.elementor-widget-divider--view-line) .elementor-divider-separator:before,.elementor-widget-divider--separator-type-pattern:not([class*=elementor-widget-divider--view]) .elementor-divider-separator{width:100%;min-height:var(--divider-pattern-height);-webkit-mask-size:var(--divider-pattern-size) 100%;mask-size:var(--divider-pattern-size) 100%;-webkit-mask-repeat:var(--divider-pattern-repeat);mask-repeat:var(--divider-pattern-repeat);background-color:var(--divider-color);-webkit-mask-image:var(--divider-pattern-url);mask-image:var(--divider-pattern-url)}.elementor-widget-divider--no-spacing{--divider-pattern-size:auto}.elementor-widget-divider--bg-round{--divider-pattern-repeat:round}.rtl .elementor-widget-divider .elementor-divider__text{direction:rtl}<\/style>\t\t<div class=\"elementor-divider\">\n\t\t\t<span class=\"elementor-divider-separator\">\n\t\t\t\t\t\t<\/span>\n\t\t<\/div>\n\t\t\t\t<\/div>\n\t\t\t\t<\/div>\n\t\t\t\t\t<\/div>\n\t\t<\/div>\n\t\t\t\t\t\t\t<\/div>\n\t\t<\/section>\n\t\t\t\t\t\t\t<\/div>\n\t\t","protected":false},"excerpt":{"rendered":"<p>Almer\u00eda Sorpresa! C\u00e1diz LINEAS ESTRATEGICAS ELECCIONES SINDICALES 2023 EN EL SINDICATO MEDICO DE CADIZ\u00a0 1.- ESTRUCTURA SANITARIA DE LA PROVINCIA DE CADIZ\u00a0 Breve repaso a la Estructura Sanitaria del SAS en la Provincia de C\u00e1diz.\u00a0 2.- AFILIADOS ACTUALES EN EL SM DE CADIZ (2-09-2022):\u00a0 3.- ESTRUCTURA DE NUESTRO SINDICATO: Composici\u00f3n y estructura de nuestro Sindicato.\u00a0 [&hellip;]<\/p>\n","protected":false},"author":3,"featured_media":0,"parent":0,"menu_order":0,"comment_status":"closed","ping_status":"closed","template":"elementor_header_footer","meta":[],"_links":{"self":[{"href":"https:\/\/jornadas.smandaluz.com\/index.php?rest_route=\/wp\/v2\/pages\/1194"}],"collection":[{"href":"https:\/\/jornadas.smandaluz.com\/index.php?rest_route=\/wp\/v2\/pages"}],"about":[{"href":"https:\/\/jornadas.smandaluz.com\/index.php?rest_route=\/wp\/v2\/types\/page"}],"author":[{"embeddable":true,"href":"https:\/\/jornadas.smandaluz.com\/index.php?rest_route=\/wp\/v2\/users\/3"}],"replies":[{"embeddable":true,"href":"https:\/\/jornadas.smandaluz.com\/index.php?rest_route=%2Fwp%2Fv2%2Fcomments&post=1194"}],"version-history":[{"count":32,"href":"https:\/\/jornadas.smandaluz.com\/index.php?rest_route=\/wp\/v2\/pages\/1194\/revisions"}],"predecessor-version":[{"id":1435,"href":"https:\/\/jornadas.smandaluz.com\/index.php?rest_route=\/wp\/v2\/pages\/1194\/revisions\/1435"}],"wp:attachment":[{"href":"https:\/\/jornadas.smandaluz.com\/index.php?rest_route=%2Fwp%2Fv2%2Fmedia&parent=1194"}],"curies":[{"name":"wp","href":"https:\/\/api.w.org\/{rel}","templated":true}]}}